{"id":9,"date":"2014-11-12T01:24:20","date_gmt":"2014-11-12T00:24:20","guid":{"rendered":"https:\/\/magesz.hu\/?page_id=5"},"modified":"2014-11-12T01:24:20","modified_gmt":"2014-11-12T00:24:20","slug":"magyar-acelszerkezeti-szovetseg","status":"publish","type":"page","link":"https:\/\/magesz.hu\/","title":{"rendered":"Magyar Ac\u00e9lszerkezeti Sz\u00f6vets\u00e9g"},"content":{"rendered":"<p><img loading=\"lazy\" decoding=\"async\" class=\"size-medium wp-image-1276 alignleft\" src=\"https:\/\/magesz.hu\/wp-content\/uploads\/2026\/02\/aszman-ferenc-221x300.jpg\" alt=\"\" width=\"221\" height=\"300\" srcset=\"https:\/\/magesz.hu\/wp-content\/uploads\/2026\/02\/aszman-ferenc-221x300.jpg 221w, https:\/\/magesz.hu\/wp-content\/uploads\/2026\/02\/aszman-ferenc.jpg 270w\" sizes=\"auto, (max-width: 221px) 100vw, 221px\" \/><\/p>\n<p>Tisztelt Olvas\u00f3!<\/p>\n<p>K\u00f6sz\u00f6ntj\u00fck a MAG\u00c9SZ Magyar Ac\u00e9lszerkezeti Sz\u00f6vets\u00e9g honlapj\u00e1n.<\/p>\n<p>A MAG\u00c9SZ-t a magyar ac\u00e9lszerkezet-tervez\u00e9s, -gy\u00e1rt\u00e1s \u00e9s -\u00e9p\u00edt\u00e9s szakmai-\u00e9rdekv\u00e9delmi szervezet\u00e9t 1998-ban alap\u00edtottuk.<\/p>\n<blockquote style=\"display: table;\"><p>Alapszab\u00e1lyunk szerint a sz\u00f6vets\u00e9g c\u00e9lja a magyarorsz\u00e1gi ac\u00e9lszerkezeti v\u00e1llalkoz\u00f3k \u00f6sszefog\u00e1sa, szakmai \u00e9s gazdas\u00e1gi \u00e9rdekeik el\u0151mozd\u00edt\u00e1sa \u00e9s erre ir\u00e1nyul\u00f3 egy\u00fcttes tev\u00e9kenys\u00e9g\u00fck \u00f6sszehangol\u00e1sa, t\u00e1rsadalmi \u00e9rdekeik \u00e9rv\u00e9nyre juttat\u00e1sa, a hazai \u00e9s nemzetk\u00f6zi kereskedelmi kapcsolatok jav\u00edt\u00e1sa, a szakmai ut\u00e1np\u00f3tl\u00e1s \u00e9s a szakma tudom\u00e1nyos h\u00e1tter\u00e9nek figyelemmel k\u00eds\u00e9r\u00e9se \u00e9s befoly\u00e1sol\u00e1sa.<\/p><\/blockquote>\n<p>MAG\u00c9SZ &#8211; a megalakul\u00e1sa \u00f3ta &#8211; er\u0151s\u00edtette a tagv\u00e1llalatok kapcsolatait, figyelemmel k\u00eds\u00e9rte, bemutatta \u00e9s \u00e9rt\u00e9kelte az aktu\u00e1lis beruh\u00e1z\u00e1sokat, a szakma tudom\u00e1nyos fejl\u0151d\u00e9s\u00e9t, \u00e9s seg\u00edtette a fiatal, tehets\u00e9ges szakembereket. A sz\u00f6vets\u00e9g \u00e9vente kiosztja az <strong>Ac\u00e9lszerkezeti N\u00edv\u00f3d\u00edjat<\/strong>, az <strong>Ac\u00e9lszerkezeti Innov\u00e1ci\u00f3s D\u00edjat<\/strong> \u00e9s az <strong>Ac\u00e9lszerkezeti Diplomad\u00edjat<\/strong> is.<\/p>\n<p><strong>Honlapunk bepillant\u00e1st enged a MAG\u00c9SZ \u00e9let\u00e9be: szervezet\u00e9nek \u00f6sszet\u00e9tel\u00e9be, munk\u00e1j\u00e1ba, tev\u00e9kenys\u00e9g\u00fcnk f\u0151bb ter\u00fcleteibe, c\u00e9ljainkba \u00e9s eredm\u00e9nyeinkbe,<\/strong> egysz\u00f3val abba a k\u00fcl\u00f6nleges k\u00f6zegbe, amelyben gener\u00e1ci\u00f3k oszthatj\u00e1k meg tapasztalatukat egym\u00e1ssal \u00e9s adhatj\u00e1k \u00e1t tud\u00e1suk legjav\u00e1t az ut\u00e1np\u00f3tl\u00e1snak.<\/p>\n<p>A weblapon kereszt\u00fcl digit\u00e1lis form\u00e1ban is el\u00e9rhet\u0151 \u00e9s olvashat\u00f3 a MAG\u00c9SZ negyed\u00e9vente megjelen\u0151 <a href=\"http:\/\/www.magesz.hu\/?page_id=1067\" target=\"_blank\" rel=\"noopener noreferrer\">AC\u00c9LSZERKEZETEK<\/a> c. foly\u00f3irat\u00e1nak aktu\u00e1lis sz\u00e1ma \u00e9s hozz\u00e1f\u00e9rhet\u0151 az elismert szakmai lap arch\u00edvuma is.<\/p>\n<p>Aszmann Ferenc<br \/>\neln\u00f6k<\/p>\n","protected":false},"excerpt":{"rendered":"<p>Tisztelt Olvas\u00f3! K\u00f6sz\u00f6ntj\u00fck a MAG\u00c9SZ Magyar Ac\u00e9lszerkezeti Sz\u00f6vets\u00e9g honlapj\u00e1n. A MAG\u00c9SZ-t a magyar ac\u00e9lszerkezet-tervez\u00e9s, -gy\u00e1rt\u00e1s \u00e9s -\u00e9p\u00edt\u00e9s szakmai-\u00e9rdekv\u00e9delmi szervezet\u00e9t 1998-ban alap\u00edtottuk. Alapszab\u00e1lyunk szerint a sz\u00f6vets\u00e9g c\u00e9lja a magyarorsz\u00e1gi ac\u00e9lszerkezeti v\u00e1llalkoz\u00f3k \u00f6sszefog\u00e1sa, szakmai \u00e9s gazdas\u00e1gi \u00e9rdekeik el\u0151mozd\u00edt\u00e1sa \u00e9s erre ir\u00e1nyul\u00f3 egy\u00fcttes&hellip; <\/p>\n","protected":false},"author":2,"featured_media":0,"parent":0,"menu_order":0,"comment_status":"closed","ping_status":"closed","template":"","meta":{"footnotes":""},"class_list":["post-9","page","type-page","status-publish","hentry"],"_links":{"self":[{"href":"https:\/\/magesz.hu\/index.php?rest_route=\/wp\/v2\/pages\/9","targetHints":{"allow":["GET"]}}],"collection":[{"href":"https:\/\/magesz.hu\/index.php?rest_route=\/wp\/v2\/pages"}],"about":[{"href":"https:\/\/magesz.hu\/index.php?rest_route=\/wp\/v2\/types\/page"}],"author":[{"embeddable":true,"href":"https:\/\/magesz.hu\/index.php?rest_route=\/wp\/v2\/users\/2"}],"replies":[{"embeddable":true,"href":"https:\/\/magesz.hu\/index.php?rest_route=%2Fwp%2Fv2%2Fcomments&post=9"}],"version-history":[{"count":1,"href":"https:\/\/magesz.hu\/index.php?rest_route=\/wp\/v2\/pages\/9\/revisions"}],"predecessor-version":[{"id":1305,"href":"https:\/\/magesz.hu\/index.php?rest_route=\/wp\/v2\/pages\/9\/revisions\/1305"}],"wp:attachment":[{"href":"https:\/\/magesz.hu\/index.php?rest_route=%2Fwp%2Fv2%2Fmedia&parent=9"}],"curies":[{"name":"wp","href":"https:\/\/api.w.org\/{rel}","templated":true}]}}