{"id":17,"date":"2014-11-12T01:30:43","date_gmt":"2014-11-12T00:30:43","guid":{"rendered":"https:\/\/magesz.hu\/?page_id=17"},"modified":"2014-11-12T01:30:43","modified_gmt":"2014-11-12T00:30:43","slug":"statisztika","status":"publish","type":"page","link":"https:\/\/magesz.hu\/?page_id=17","title":{"rendered":"Statisztika"},"content":{"rendered":"<p><a href=\"https:\/\/magesz.hu\/wp-content\/docs\/felhivas_adatszolgaltatasra.doc\">Felh\u00edv\u00e1s adatszolg\u00e1ltat\u00e1sra<\/a><\/p>\n<p><a href=\"https:\/\/magesz.hu\/wp-content\/docs\/statisztikai_jelentes.doc\">Statisztikai jelent\u00e9s t\u00e1bl\u00e1zat let\u00f6lt\u00e9se<\/a><\/p>\n","protected":false},"excerpt":{"rendered":"<p>Felh\u00edv\u00e1s adatszolg\u00e1ltat\u00e1sra Statisztikai jelent\u00e9s t\u00e1bl\u00e1zat let\u00f6lt\u00e9se<\/p>\n","protected":false},"author":2,"featured_media":0,"parent":0,"menu_order":0,"comment_status":"closed","ping_status":"closed","template":"","meta":{"footnotes":""},"class_list":["post-17","page","type-page","status-publish","hentry"],"_links":{"self":[{"href":"https:\/\/magesz.hu\/index.php?rest_route=\/wp\/v2\/pages\/17","targetHints":{"allow":["GET"]}}],"collection":[{"href":"https:\/\/magesz.hu\/index.php?rest_route=\/wp\/v2\/pages"}],"about":[{"href":"https:\/\/magesz.hu\/index.php?rest_route=\/wp\/v2\/types\/page"}],"author":[{"embeddable":true,"href":"https:\/\/magesz.hu\/index.php?rest_route=\/wp\/v2\/users\/2"}],"replies":[{"embeddable":true,"href":"https:\/\/magesz.hu\/index.php?rest_route=%2Fwp%2Fv2%2Fcomments&post=17"}],"version-history":[{"count":0,"href":"https:\/\/magesz.hu\/index.php?rest_route=\/wp\/v2\/pages\/17\/revisions"}],"wp:attachment":[{"href":"https:\/\/magesz.hu\/index.php?rest_route=%2Fwp%2Fv2%2Fmedia&parent=17"}],"curies":[{"name":"wp","href":"https:\/\/api.w.org\/{rel}","templated":true}]}}