{"id":15,"date":"2014-11-12T01:30:07","date_gmt":"2014-11-12T00:30:07","guid":{"rendered":"https:\/\/magesz.hu\/?page_id=15"},"modified":"2026-05-07T14:58:13","modified_gmt":"2026-05-07T14:58:13","slug":"rendezvenyek","status":"publish","type":"page","link":"https:\/\/magesz.hu\/?page_id=15","title":{"rendered":"Rendezv\u00e9nyek"},"content":{"rendered":"<p style=\"text-align: center;\"><strong><em>MAG\u00c9SZ\u00a0 XVIII. AC\u00c9LSZERKEZETI KONFERENCIA<\/em><\/strong><\/p>\n<p style=\"text-align: center;\"><strong> Duna\u00fajv\u00e1rosi Egyetem, 2026. m\u00e1jus 27. 9.00 \u00f3ra<\/strong><\/p>\n<p style=\"text-align: center;\">( Duna\u00fajv\u00e1ros, T\u00e1ncsics Mih\u00e1ly u. 1\/a. )<\/p>\n<p style=\"text-align: center;\"><a href=\"https:\/\/magesz.hu\/wp-content\/docs\/MAGESZ_konf_XVIII_program.odt\">Program<\/a>\u00a0 \u00a0<a href=\"https:\/\/magesz.hu\/wp-content\/docs\/MAGESZ_konf_XVIII_jel_lap.odt\">Jelentkez\u00e9si lap<\/a><\/p>\n<p>Helyszin m\u00e1jus 26.19.00: Duna\u00fajv\u00e1ros, D\u00f3zsa Gy\u00f6rgy u.33. Campus \u00e9tterem<br \/>\nHelyszin m\u00e1jus 27.9.00 : Duna\u00fajv\u00e1rosi Egyetem, T\u00e1ncsics M. u. \u201eA\u201d konferenciaterem<\/p>\n<p><strong>A sz\u00e1ml\u00e1t a MAG\u00c9SZ a jelentkez\u00e9st k\u00f6vet\u0151en megk\u00fcldi, a jelentkez\u0151 a r\u00e9szv\u00e9teli d\u00edjat m\u00e1jus 20-ig \u00e1tutalja.<\/strong><\/p>\n<p><strong>Tagv\u00e1llalatk\u00e9nt<br \/>\n<\/strong>\u00a0 \u00a0 \u00a0 \u00a0 05.26. &#8211; 05.27.\u00a0 \u00a0 \u00a0 \u00a0(70.000,- Ft+\u00c1fa)<br \/>\ncsak 05.27.\u00a0 \u00a0 \u00a0 \u00a0 \u00a0 \u00a0 \u00a0 \u00a0 \u00a0 \u00a0 (50.000,- Ft+\u00c1fa)<\/p>\n<p><strong>P\u00e1rtol\u00f3 tagk\u00e9nt<\/strong><br \/>\n05.26. &#8211; 05.27.\u00a0 \u00a0 \u00a0 \u00a0(70.000,- Ft+\u00c1fa)<br \/>\ncsak 05.27. ( 50.000,- Ft+\u00c1fa) igen\/nem<\/p>\n<p><strong>Tagv\u00e1llalatonk\u00e9nt, \u00e9s p\u00e1rtol\u00f3 tagk\u00e9nt egy fizet\u0151 r\u00e9sztvev\u0151 egy vend\u00e9get t\u00e9r\u00edt\u00e9smentesen hozhat mag\u00e1val.<\/strong><\/p>\n<p><strong>Egy\u00e9ni tagk\u00e9nt<br \/>\n<\/strong>\u00a0 \u00a0 \u00a0 \u00a0 05.26. &#8211; 05.27.\u00a0 \u00a0 \u00a0 \u00a0(30.000 Ft+ \u00c1fa)<br \/>\ncsak 05.27.\u00a0 \u00a0 \u00a0 \u00a0 \u00a0 \u00a0 \u00a0 \u00a0 \u00a0 \u00a0 (25.000 Ft+ \u00c1fa)<br \/>\n<strong>Tiszteletbeli tagk\u00e9nt<\/strong>\u00a0 \u00a0 (ingyenes a r\u00e9szv\u00e9tel)<\/p>\n<p>A jelentkez\u00e9si lapot <strong>2026. m\u00e1jus 8<\/strong>-ig kell eljuttatni a MAG\u00c9SZ titk\u00e1rs\u00e1gra.<br \/>\nLevelez\u00e9si c\u00edm: 1025 Budapest, Bor\u00f3ka u.10.<br \/>\nE-mail: ferenc.aszman@gmail.com<\/p>\n<p>Sz\u00e1ll\u00e1s ig\u00e9nyl\u00e9se eset\u00e9n a sz\u00e1ll\u00e1s ellen\u00e9rt\u00e9k\u00e9t egy\u00e9nileg kell rendezni.<br \/>\nJavasolt elhelyez\u00e9s Hotel Kerpely.<br \/>\n2400 Duna\u00fajv\u00e1ros, D\u00f3zsa Gy\u00f6rgy u.35.<br \/>\nhotelkerpely@gmail.com<br \/>\n<a href=\"mailto:info@hotelkerpely.hu\">info@hotelkerpely.hu<\/a><br \/>\n30\/283-5528, 25\/551-155<\/p>\n<p><strong>Ki\u00e1ll\u00edt\u00e1s<\/strong><\/p>\n<ul>\n<li><em>Prospektusok elhelyez\u00e9s\u00e9t a r\u00e9sztvev\u0151k sz\u00e1m\u00e1ra d\u00edjmentesen biztos\u00edtjuk.<\/em><\/li>\n<li><em>Lehet\u0151s\u00e9g van ki\u00e1ll\u00edt\u00e1si tabl\u00f3k, bannerek, stb. elhelyez\u00e9s\u00e9re d\u00edjmentesen.<\/em><\/li>\n<li><em>Ig\u00e9nyt a MAG\u00c9SZ- titk\u00e1rs\u00e1g fel\u00e9 k\u00e9rj\u00fck jelezni.<\/em><\/li>\n<\/ul>\n<p><em>\u00a0<\/em><\/p>\n<p><strong><em>Program:<\/em><\/strong><\/p>\n<p><strong>1.szekci\u00f3<\/strong><\/p>\n<p>9.00-9.10<br \/>\nK\u00f6sz\u00f6nt\u0151, \u201e\u00c9v ac\u00e9lszerkezete\u201d Niv\u00f3d\u00edj \u00e1tad\u00e1sa<br \/>\nAszmann Ferenc, MAG\u00c9SZ-eln\u00f6k<\/p>\n<p>9.10-9.30<br \/>\nM6 aut\u00f3p\u00e1lya B\u00f3ly-Iv\u00e1nd\u00e1rda k\u00f6z\u00f6tti szakasz 196+898 km szelv\u00e9ny\u00e9ben meg\u00e9p\u00fclt B1968 jel\u0171 vas\u00fati ac\u00e9l \u00edvh\u00edd<br \/>\nSzab\u00f3 G\u00e1bor, Duna Aszfalt Zrt.<\/p>\n<p>9.30-9.50<br \/>\nEur\u00f3pa legnagyobb feszt\u00e1v\u00fa elforgathat\u00f3 h\u00eddja, a Friesenbr\u00fccke<br \/>\nDe\u00e1k L\u00e1szl\u00f3, MCE Ny\u00edregyh\u00e1za Kft.<\/p>\n<p>9.50-10.10<br \/>\nAdminisztrat\u00edv int\u00e9zked\u00e9sek az EU ipari \u00e9s gazdas\u00e1gv\u00e9delmi strat\u00e9gi\u00e1j\u00e1val \u00f6sszef\u00fcgg\u00e9sben<br \/>\nKardos L\u00e1szl\u00f3, Salzgitter Kft.<\/p>\n<p>10.10-10.30<br \/>\nAc\u00e9lszerkezetek tervez\u00e9se v\u00e9geselem-m\u00f3dszer alapj\u00e1n &#8211; \u00faj EC3 szabv\u00e1ny<br \/>\nDr.Dunai L\u00e1szl\u00f3, Dr.K\u00f6vesdi Bal\u00e1zs, BME<\/p>\n<p>10.30-11.00<br \/>\nK\u00e1v\u00e9sz\u00fcnet<\/p>\n<p><strong>2. szekci\u00f3<\/strong><br \/>\n11.00-11.20<br \/>\nHat\u00e1rh\u00edd a Luapula foly\u00f3 felett, a Kong\u00f3i Demokratikus K\u00f6zt\u00e1rsas\u00e1g \u00e9s Zambiai K\u00f6zt\u00e1rsas\u00e1g k\u00f6z\u00f6tt<br \/>\nReichard Zsolt, Speci\u00e1lterv Kft.<\/p>\n<p>11.20-11.40<br \/>\nSzolnok, az \u00faj tehermentes\u00edt\u0151 \u00fat legjelent\u0151sebb m\u0171t\u00e1rgyai<br \/>\nGily\u00e9n Elem\u00e9r, Stefanik P\u00e9ter, Pont-TERV Zrt.<\/p>\n<p>11.40-12.00<br \/>\nA moh\u00e1csi Duna-h\u00edd mederh\u00eddja \u00e9p\u00edt\u00e9si seg\u00e9dszerkezeteinek tervez\u00e9se<br \/>\nS\u00fcle Ferenc Attila, F\u0151mterv Zrt.<\/p>\n<p>12.00-12.20<br \/>\nA moh\u00e1csi Duna-h\u00edd parametrikus \u00e9s BIM tervez\u00e9se<br \/>\nSzabados Mih\u00e1ly, Speci\u00e1lterv Kft.<\/p>\n<p>12.20-12-40<br \/>\nGerinclemezes tart\u00f3k ny\u00edr\u00e1si ellen\u00e1ll\u00e1sa<br \/>\nDr. Hajd\u00fa G\u00e1bor, SZE<\/p>\n<p>12.40-12.50<br \/>\nOrsz\u00e1gos er\u0151forr\u00e1sb\u00f3l versenyel\u0151ny-fogvatartotti b\u00e9rmunk\u00e1ltat\u00e1s a gyakorlatban<br \/>\nHartai L\u00e1szl\u00f3, BV.Holding Kft.<\/p>\n<p>12.50-14.40<br \/>\nEb\u00e9dsz\u00fcnet<\/p>\n<p><strong>3. szekci\u00f3<\/strong><br \/>\n14.40-15.00<br \/>\nCs\u00facstechol\u00f3gia a t\u00fczihorganyz\u00e1sban &#8211; a NAG\u00c9V-csoport \u00faj t\u00fczihorganyz\u00f3ja Tiszacseg\u00e9n<br \/>\nDr. L\u00e9vai G\u00e1bor, NAG\u00c9V Kft.<\/p>\n<p>15.00-15.20<br \/>\n\u00dcveg tart\u00f3szerkezet \u2013 Citadella<br \/>\n\u00c1goston Dezs\u0151, ARC-S Kft.<\/p>\n<p>15.20-15.40<br \/>\nFenntarthat\u00f3 \u00f6szv\u00e9rszerkezetek fejleszt\u00e9se \u00e9s m\u00e9retez\u00e9si h\u00e1ttere<br \/>\nKir\u00e1ly Kriszti\u00e1n, BME<\/p>\n<p>15.40-16.00<br \/>\nGyulafir\u00e1t\u00f3ti vas\u00fati v\u00f6lgyhidak tervez\u00e9s\u00e9nek k\u00fcl\u00f6nleges k\u00e9rd\u00e9sei<br \/>\nP\u00f3ta Andr\u00e1s, MSc Kft.<\/p>\n<p>16.00-16.20<br \/>\nM7 aut\u00f3p\u00e1lya feletti Velencei-ker\u00e9kp\u00e1ros-h\u00edd kivitelez\u00e9s\u00e9nek tervez\u00e9si t\u00e1mogat\u00e1sa<br \/>\nBalogh \u00c1d\u00e1m, F\u0151mterv Zrt.<\/p>\n<p>16.20-16.30<br \/>\nZ\u00e1rsz\u00f3<br \/>\nAszmann Ferenc MAG\u00c9SZ-eln\u00f6k<\/p>\n<p><strong>Inform\u00e1ci\u00f3: Aszmann Ferenc<\/strong> 06\/ 20 \/ 4796-309,\u00a0 <a href=\"mailto:magesz@t-online.hu\">magesz@t-online.hu<\/a><\/p>\n<p><strong>Hirdet\u00e9s, ki\u00e1ll\u00edt\u00e1s: Nagy J\u00f3zsef<\/strong>\u00a0 06\/ 20 \/ 468-4680,\u00a0 <u>jnagy62@freemail.hu<\/u><\/p>\n","protected":false},"excerpt":{"rendered":"<p>MAG\u00c9SZ\u00a0 XVIII. AC\u00c9LSZERKEZETI KONFERENCIA Duna\u00fajv\u00e1rosi Egyetem, 2026. m\u00e1jus 27. 9.00 \u00f3ra ( Duna\u00fajv\u00e1ros, T\u00e1ncsics Mih\u00e1ly u. 1\/a. ) Program\u00a0 \u00a0Jelentkez\u00e9si lap Helyszin m\u00e1jus 26.19.00: Duna\u00fajv\u00e1ros, D\u00f3zsa Gy\u00f6rgy u.33. Campus \u00e9tterem Helyszin m\u00e1jus 27.9.00 : Duna\u00fajv\u00e1rosi Egyetem, T\u00e1ncsics M. u. \u201eA\u201d&hellip; <\/p>\n","protected":false},"author":2,"featured_media":0,"parent":0,"menu_order":0,"comment_status":"closed","ping_status":"closed","template":"","meta":{"footnotes":""},"class_list":["post-15","page","type-page","status-publish","hentry"],"_links":{"self":[{"href":"https:\/\/magesz.hu\/index.php?rest_route=\/wp\/v2\/pages\/15","targetHints":{"allow":["GET"]}}],"collection":[{"href":"https:\/\/magesz.hu\/index.php?rest_route=\/wp\/v2\/pages"}],"about":[{"href":"https:\/\/magesz.hu\/index.php?rest_route=\/wp\/v2\/types\/page"}],"author":[{"embeddable":true,"href":"https:\/\/magesz.hu\/index.php?rest_route=\/wp\/v2\/users\/2"}],"replies":[{"embeddable":true,"href":"https:\/\/magesz.hu\/index.php?rest_route=%2Fwp%2Fv2%2Fcomments&post=15"}],"version-history":[{"count":4,"href":"https:\/\/magesz.hu\/index.php?rest_route=\/wp\/v2\/pages\/15\/revisions"}],"predecessor-version":[{"id":1316,"href":"https:\/\/magesz.hu\/index.php?rest_route=\/wp\/v2\/pages\/15\/revisions\/1316"}],"wp:attachment":[{"href":"https:\/\/magesz.hu\/index.php?rest_route=%2Fwp%2Fv2%2Fmedia&parent=15"}],"curies":[{"name":"wp","href":"https:\/\/api.w.org\/{rel}","templated":true}]}}