{"id":1257,"date":"2024-07-07T18:33:04","date_gmt":"2024-07-07T17:33:04","guid":{"rendered":"https:\/\/www.magesz.hu\/?page_id=1257"},"modified":"2024-07-07T18:33:04","modified_gmt":"2024-07-07T17:33:04","slug":"tagfelvetel","status":"publish","type":"page","link":"https:\/\/magesz.hu\/?page_id=1257","title":{"rendered":"Tagfelv\u00e9tel"},"content":{"rendered":"<p>Bel\u00e9p\u00e9si nyilatkozat:<\/p>\n<ul>\n<li><a href=\"https:\/\/magesz.hu\/wp-content\/docs\/belepesi_tagvall.doc\">tagv\u00e1llalatok r\u00e9sz\u00e9re<\/a><\/li>\n<li><a href=\"https:\/\/magesz.hu\/wp-content\/docs\/belepesi_magan.doc\">egy\u00e9ni tagok r\u00e9sz\u00e9re<\/a><\/li>\n<li><a href=\"https:\/\/magesz.hu\/wp-content\/docs\/belepesi_partolo.doc\">p\u00e1rtol\u00f3 tagok r\u00e9sz\u00e9re<\/a><\/li>\n<\/ul>\n<h2><strong>TAGD\u00cdJ<\/strong><\/h2>\n<p><strong>A MAG\u00c9SZ k\u00f6zgy\u0171l\u00e9s 2024.05.08 d\u00f6nt\u00e9se alapj\u00e1n a 2024 tagd\u00edj (Ft):<\/strong><\/p>\n<table style=\"height: 427px;\" width=\"652\">\n<tbody>\n<tr>\n<td width=\"216\"><strong>I. Tagv\u00e1llalatok:<\/strong>\u00a0(v\u00e1ltozatlan)<\/td>\n<td style=\"text-align: right;\" width=\"136\"><\/td>\n<\/tr>\n<tr>\n<td width=\"216\">el\u0151z\u0151 \u00e9v nett\u00f3 \u00e1rbev\u00e9tel (M. Ft)<\/td>\n<td style=\"text-align: right;\" width=\"136\"><\/td>\n<\/tr>\n<tr>\n<td width=\"216\"><strong>500 alatt<\/strong><\/td>\n<td style=\"text-align: right;\" width=\"136\"><strong>200.000,-<\/strong><\/td>\n<\/tr>\n<tr>\n<td width=\"216\"><strong>500-1000\u00a0\u00a0\u00a0 <\/strong><\/td>\n<td style=\"text-align: right;\" width=\"136\"><strong>270.000,-<\/strong><\/td>\n<\/tr>\n<tr>\n<td width=\"216\"><strong>1000-2000<\/strong><\/td>\n<td style=\"text-align: right;\" width=\"136\"><strong>460.000,-<\/strong><\/td>\n<\/tr>\n<tr>\n<td width=\"216\"><strong>2000-4000<\/strong><\/td>\n<td style=\"text-align: right;\" width=\"136\"><strong>530.000,-<\/strong><\/td>\n<\/tr>\n<tr>\n<td width=\"216\"><strong>4000 felett<\/strong><\/td>\n<td style=\"text-align: right;\" width=\"136\"><strong>660.000,-<\/strong><\/td>\n<\/tr>\n<tr>\n<td width=\"216\"><\/td>\n<td style=\"text-align: right;\" width=\"136\"><\/td>\n<\/tr>\n<tr>\n<td width=\"216\"><strong>II. Egy\u00e9ni tagok:<\/strong><\/td>\n<td style=\"text-align: right;\" width=\"136\"><strong>25.000,-<\/strong><\/td>\n<\/tr>\n<tr>\n<td width=\"216\"><strong>nyugd\u00edjas:\u00a0 \u00a0<\/strong><\/td>\n<td style=\"text-align: right;\" width=\"136\"><strong>0,-<\/strong><\/td>\n<\/tr>\n<tr>\n<td width=\"216\"><\/td>\n<td style=\"text-align: right;\" width=\"136\"><\/td>\n<\/tr>\n<tr>\n<td width=\"216\"><strong>III. P\u00e1rtol\u00f3 tagok:\u00a0<\/strong><\/td>\n<td style=\"text-align: right;\" width=\"136\"><strong>200.000,-<\/strong><\/td>\n<\/tr>\n<tr>\n<td width=\"216\"><\/td>\n<td style=\"text-align: right;\" width=\"136\"><\/td>\n<\/tr>\n<tr>\n<td width=\"216\"><strong>IV. T\u00e1rsult tagok:<\/strong> (v\u00e1ltozatlan)<\/td>\n<td style=\"text-align: right;\" width=\"136\"><strong>50.000,-<\/strong><\/td>\n<\/tr>\n<\/tbody>\n<\/table>\n<p>&nbsp;<\/p>\n","protected":false},"excerpt":{"rendered":"<p>Bel\u00e9p\u00e9si nyilatkozat: tagv\u00e1llalatok r\u00e9sz\u00e9re egy\u00e9ni tagok r\u00e9sz\u00e9re p\u00e1rtol\u00f3 tagok r\u00e9sz\u00e9re TAGD\u00cdJ A MAG\u00c9SZ k\u00f6zgy\u0171l\u00e9s 2024.05.08 d\u00f6nt\u00e9se alapj\u00e1n a 2024 tagd\u00edj (Ft): I. Tagv\u00e1llalatok:\u00a0(v\u00e1ltozatlan) el\u0151z\u0151 \u00e9v nett\u00f3 \u00e1rbev\u00e9tel (M. Ft) 500 alatt 200.000,- 500-1000\u00a0\u00a0\u00a0 270.000,- 1000-2000 460.000,- 2000-4000 530.000,- 4000 felett&hellip; <\/p>\n","protected":false},"author":2,"featured_media":0,"parent":0,"menu_order":0,"comment_status":"closed","ping_status":"closed","template":"","meta":{"footnotes":""},"class_list":["post-1257","page","type-page","status-publish","hentry"],"_links":{"self":[{"href":"https:\/\/magesz.hu\/index.php?rest_route=\/wp\/v2\/pages\/1257","targetHints":{"allow":["GET"]}}],"collection":[{"href":"https:\/\/magesz.hu\/index.php?rest_route=\/wp\/v2\/pages"}],"about":[{"href":"https:\/\/magesz.hu\/index.php?rest_route=\/wp\/v2\/types\/page"}],"author":[{"embeddable":true,"href":"https:\/\/magesz.hu\/index.php?rest_route=\/wp\/v2\/users\/2"}],"replies":[{"embeddable":true,"href":"https:\/\/magesz.hu\/index.php?rest_route=%2Fwp%2Fv2%2Fcomments&post=1257"}],"version-history":[{"count":0,"href":"https:\/\/magesz.hu\/index.php?rest_route=\/wp\/v2\/pages\/1257\/revisions"}],"wp:attachment":[{"href":"https:\/\/magesz.hu\/index.php?rest_route=%2Fwp%2Fv2%2Fmedia&parent=1257"}],"curies":[{"name":"wp","href":"https:\/\/api.w.org\/{rel}","templated":true}]}}