{"id":11,"date":"2014-11-12T01:26:06","date_gmt":"2014-11-12T00:26:06","guid":{"rendered":"https:\/\/magesz.hu\/?page_id=9"},"modified":"2014-11-12T01:26:06","modified_gmt":"2014-11-12T00:26:06","slug":"bemutatkozas","status":"publish","type":"page","link":"https:\/\/magesz.hu\/?page_id=11","title":{"rendered":"Bemutatkoz\u00e1s"},"content":{"rendered":"<p><strong>MAG\u00c9SZ Magyar Ac\u00e9lszerkezeti Sz\u00f6vets\u00e9g<\/strong><\/p>\n<table border=\"0\" width=\"80%\" cellspacing=\"0\" cellpadding=\"0\">\n<tbody>\n<tr>\n<td style=\"padding-botom: 4px; border-bottom: 1px solid #eaeaea; border-top: 1px solid #eaeaea; width: 25%; padding-bottom: 10px;\">Alap\u00edtva:<\/td>\n<td style=\"padding-botom: 4px; border-bottom: 1px solid #eaeaea; border-top: 1px solid #eaeaea; width: 75%; padding-bottom: 10px;\">1998. szeptember 29.<\/td>\n<\/tr>\n<tr>\n<td style=\"padding-botom: 4px; border-bottom: 1px solid #eaeaea; padding-bottom: 10px;\">Sz\u00e9khelye:<\/td>\n<td style=\"padding-botom: 4px; border-bottom: 1px solid #eaeaea; padding-bottom: 10px;\">1025 Budapest Bor\u00f3ka u. 10.<\/td>\n<\/tr>\n<tr>\n<td style=\"padding-botom: 4px; border-bottom: 1px solid #eaeaea; padding-bottom: 10px;\">Telefon:<\/td>\n<td style=\"padding-botom: 4px; border-bottom: 1px solid #eaeaea; padding-bottom: 10px;\">+36 (30) 317-8332 \u00e9s +36 (20) 479-6309<\/td>\n<\/tr>\n<tr>\n<td style=\"padding-botom: 4px; border-bottom: 1px solid #eaeaea; padding-bottom: 10px;\">E-mail:<\/td>\n<td style=\"padding-botom: 4px; border-bottom: 1px solid #eaeaea; padding-bottom: 10px;\"><a href=\"mailto:magesz@t-online.hu\">magesz@t-online.hu<\/a> \u00e9s <a href=\"mailto:ferenc.aszman@gmail.com\">ferenc.aszman@gmail.com<\/a><\/td>\n<\/tr>\n<tr>\n<td style=\"padding-botom: 4px; border-bottom: 1px solid #eaeaea; padding-bottom: 10px;\">Honlap:<\/td>\n<td style=\"padding-botom: 4px; border-bottom: 1px solid #eaeaea; padding-bottom: 10px;\"><a href=\"http:\/\/www.magesz.hu\/\">http:\/\/www.magesz.hu\/<\/a><\/td>\n<\/tr>\n<tr>\n<td style=\"margin-botom: 4px; border-bottom: 1px solid #eaeaea; padding-bottom: 10px;\">Bejegyezve:<\/td>\n<td style=\"padding-botom: 4px; border-bottom: 1px solid #eaeaea; padding-bottom: 10px;\">1999. m\u00e1rcius 8. F\u0151v\u00e1rosi B\u00edr\u00f3s\u00e1gon 8429 sz\u00e1mon<\/td>\n<\/tr>\n<tr>\n<td style=\"border-bottom: 1px solid #eaeaea; padding-bottom: 10px;\">Banksz\u00e1mlasz\u00e1m:<\/td>\n<td style=\"border-bottom: 1px solid #eaeaea; padding-bottom: 10px;\">10102969-33567300-00000007<\/td>\n<\/tr>\n<tr>\n<td style=\"border-bottom: 1px solid #eaeaea; padding-bottom: 10px;\">Ad\u00f3sz\u00e1m:<\/td>\n<td style=\"border-bottom: 1px solid #eaeaea; padding-bottom: 10px;\">18094392-2-42<\/td>\n<\/tr>\n<\/tbody>\n<\/table>\n","protected":false},"excerpt":{"rendered":"<p>MAG\u00c9SZ Magyar Ac\u00e9lszerkezeti Sz\u00f6vets\u00e9g Alap\u00edtva: 1998. szeptember 29. Sz\u00e9khelye: 1025 Budapest Bor\u00f3ka u. 10. Telefon: +36 (30) 317-8332 \u00e9s +36 (20) 479-6309 E-mail: magesz@t-online.hu \u00e9s ferenc.aszman@gmail.com Honlap: http:\/\/www.magesz.hu\/ Bejegyezve: 1999. m\u00e1rcius 8. F\u0151v\u00e1rosi B\u00edr\u00f3s\u00e1gon 8429 sz\u00e1mon Banksz\u00e1mlasz\u00e1m: 10102969-33567300-00000007 Ad\u00f3sz\u00e1m: 18094392-2-42<\/p>\n","protected":false},"author":2,"featured_media":0,"parent":0,"menu_order":0,"comment_status":"closed","ping_status":"closed","template":"","meta":{"footnotes":""},"class_list":["post-11","page","type-page","status-publish","hentry"],"_links":{"self":[{"href":"https:\/\/magesz.hu\/index.php?rest_route=\/wp\/v2\/pages\/11","targetHints":{"allow":["GET"]}}],"collection":[{"href":"https:\/\/magesz.hu\/index.php?rest_route=\/wp\/v2\/pages"}],"about":[{"href":"https:\/\/magesz.hu\/index.php?rest_route=\/wp\/v2\/types\/page"}],"author":[{"embeddable":true,"href":"https:\/\/magesz.hu\/index.php?rest_route=\/wp\/v2\/users\/2"}],"replies":[{"embeddable":true,"href":"https:\/\/magesz.hu\/index.php?rest_route=%2Fwp%2Fv2%2Fcomments&post=11"}],"version-history":[{"count":0,"href":"https:\/\/magesz.hu\/index.php?rest_route=\/wp\/v2\/pages\/11\/revisions"}],"wp:attachment":[{"href":"https:\/\/magesz.hu\/index.php?rest_route=%2Fwp%2Fv2%2Fmedia&parent=11"}],"curies":[{"name":"wp","href":"https:\/\/api.w.org\/{rel}","templated":true}]}}